{"id":100574,"date":"2025-05-04T12:09:34","date_gmt":"2025-05-04T10:09:34","guid":{"rendered":"https:\/\/ta-logistics.dk\/?page_id=100574"},"modified":"2025-07-03T22:18:24","modified_gmt":"2025-07-03T20:18:24","slug":"sog-job","status":"publish","type":"page","link":"https:\/\/ta-logistics.dk\/en\/job-karriere\/sog-job\/","title":{"rendered":"Apply for a job"},"content":{"rendered":"<p>[et_pb_section fb_built=&#8221;1&#8243; admin_label=&#8221;Inner Banner Section&#8221; _builder_version=&#8221;4.27.4&#8243; _module_preset=&#8221;783c27d6-b16e-4f28-83e1-fa433120189c&#8221; global_colors_info=&#8221;{}&#8221;][et_pb_row custom_padding_last_edited=&#8221;on|phone&#8221; _builder_version=&#8221;4.27.4&#8243; _module_preset=&#8221;default&#8221; custom_padding=&#8221;2vw||2vw||true|false&#8221; custom_padding_tablet=&#8221;&#8221; custom_padding_phone=&#8221;||0px||false|false&#8221; global_colors_info=&#8221;{}&#8221;][et_pb_column type=&#8221;4_4&#8243; _builder_version=&#8221;4.21.0&#8243; _module_preset=&#8221;default&#8221; global_colors_info=&#8221;{}&#8221;][et_pb_text _builder_version=&#8221;4.23&#8243; _dynamic_attributes=&#8221;content&#8221; _module_preset=&#8221;default&#8221; text_text_color=&#8221;#FFFFFF&#8221; text_font_size=&#8221;50px&#8221; text_line_height=&#8221;50px&#8221; text_orientation=&#8221;center&#8221; custom_margin_tablet=&#8221;&#8221; custom_margin_phone=&#8221;||||false|false&#8221; custom_margin_last_edited=&#8221;on|phone&#8221; custom_padding=&#8221;||||false|false&#8221; text_font_size_tablet=&#8221;50px&#8221; text_font_size_phone=&#8221;35px&#8221; text_font_size_last_edited=&#8221;on|desktop&#8221; global_colors_info=&#8221;{}&#8221;]@ET-DC@eyJkeW5hbWljIjp0cnVlLCJjb250ZW50IjoicG9zdF90aXRsZSIsInNldHRpbmdzIjp7ImJlZm9yZSI6IiIsImFmdGVyIjoiIn19@[\/et_pb_text][\/et_pb_column][\/et_pb_row][\/et_pb_section][et_pb_section fb_built=&#8221;1&#8243; custom_padding_last_edited=&#8221;on|phone&#8221; admin_label=&#8221;Skill Section&#8221; _builder_version=&#8221;4.27.4&#8243; _module_preset=&#8221;default&#8221; custom_margin=&#8221;||0px||false|false&#8221; custom_padding=&#8221;||5%||false|false&#8221; custom_padding_tablet=&#8221;5%||10%||false|false&#8221; custom_padding_phone=&#8221;5%||0%||false|false&#8221; custom_css_main_element=&#8221;overflow:hidden;&#8221; locked=&#8221;off&#8221; global_colors_info=&#8221;{}&#8221;][et_pb_row custom_padding_last_edited=&#8221;on|phone&#8221; _builder_version=&#8221;4.27.4&#8243; _module_preset=&#8221;default&#8221; custom_padding_tablet=&#8221;||0px||false|false&#8221; custom_padding_phone=&#8221;||0px||false|false&#8221; global_colors_info=&#8221;{}&#8221;][et_pb_column type=&#8221;4_4&#8243; _builder_version=&#8221;4.27.4&#8243; _module_preset=&#8221;default&#8221; global_colors_info=&#8221;{}&#8221;][et_pb_text admin_label=&#8221;Sub Title Text&#8221; module_class=&#8221;px_subtitle&#8221; _builder_version=&#8221;4.27.4&#8243; _module_preset=&#8221;default&#8221; header_4_text_align=&#8221;center&#8221; custom_margin=&#8221;||0px||false|false&#8221; global_colors_info=&#8221;{}&#8221;]<\/p>\n<h4>S\u00f8g job<\/h4>\n<p>[\/et_pb_text][et_pb_divider color=&#8221;gcid-9d908bbe-fc74-4253-9ee5-c115b14680ef&#8221; divider_weight=&#8221;2px&#8221; _builder_version=&#8221;4.27.4&#8243; _module_preset=&#8221;default&#8221; max_width=&#8221;5%&#8221; module_alignment=&#8221;center&#8221; custom_margin=&#8221;||0px||false|false&#8221; global_module=&#8221;101195&#8243; saved_tabs=&#8221;all&#8221; global_colors_info=&#8221;{%22gcid-9d908bbe-fc74-4253-9ee5-c115b14680ef%22:%91%22color%22%93}&#8221;][\/et_pb_divider][et_pb_text admin_label=&#8221;Title Text&#8221; module_class=&#8221;px_title&#8221; _builder_version=&#8221;4.27.4&#8243; _module_preset=&#8221;default&#8221; header_2_text_align=&#8221;center&#8221; global_colors_info=&#8221;{}&#8221;]<\/p>\n<h2>Er du interesseret i et job?<\/h2>\n<p>[\/et_pb_text][\/et_pb_column][\/et_pb_row][et_pb_row column_structure=&#8221;1_2,1_2&#8243; make_equal=&#8221;on&#8221; custom_padding_last_edited=&#8221;on|phone&#8221; admin_label=&#8221;Skill Row&#8221; _builder_version=&#8221;4.27.4&#8243; _module_preset=&#8221;default&#8221; width_tablet=&#8221;&#8221; width_phone=&#8221;80%&#8221; width_last_edited=&#8221;on|phone&#8221; max_width_tablet=&#8221;&#8221; max_width_phone=&#8221;90%&#8221; max_width_last_edited=&#8221;on|phone&#8221; custom_margin=&#8221;2%|auto|1.9%|auto|false|false&#8221; custom_margin_tablet=&#8221;2%||5%||false|false&#8221; custom_margin_phone=&#8221;0%||5%||false|false&#8221; custom_margin_last_edited=&#8221;on|phone&#8221; custom_padding=&#8221;0px||||false|false&#8221; custom_padding_tablet=&#8221;0px||||false|false&#8221; custom_padding_phone=&#8221;0px||0px||false|false&#8221; module_alignment_tablet=&#8221;&#8221; module_alignment_phone=&#8221;center&#8221; module_alignment_last_edited=&#8221;on|phone&#8221; global_colors_info=&#8221;{}&#8221;][et_pb_column type=&#8221;1_2&#8243; _builder_version=&#8221;4.27.4&#8243; _module_preset=&#8221;default&#8221; custom_padding=&#8221;0px||0px||false|false&#8221; global_colors_info=&#8221;{}&#8221;][et_pb_text admin_label=&#8221;Description Text&#8221; module_class=&#8221;px_desc&#8221; _builder_version=&#8221;4.27.4&#8243; _module_preset=&#8221;default&#8221; custom_margin_tablet=&#8221;&#8221; custom_margin_phone=&#8221;||12px||false|false&#8221; custom_margin_last_edited=&#8221;on|phone&#8221; global_colors_info=&#8221;{}&#8221;]<\/p>\n<p><span style=\"font-weight: 400;\">Vi er altid p\u00e5 udkig efter dygtige og passionerede medarbejdere til vores virksomheder. S\u00e5 hvis du ligesom os mener, at logistik og transport er det fedeste og er nysgerrige p\u00e5 at h\u00f8re mere om, hvordan det er at v\u00e6re ansat hos os, skal du endelig tage kontakt til os.\u00a0<\/span><\/p>\n<p data-pm-slice=\"0 0 []\">\n<p><span style=\"font-weight: 400;\">Du vil som ansat i en af vores virksomheder opleve faglighed, ansvarlighed og udvikling. Samtidig vil du f\u00e5 mulighed for at udvikle dig gennem forskellige stillinger p\u00e5 tv\u00e6rs af virksomhederne.\u00a0<\/span><\/p>\n<p data-pm-slice=\"0 0 []\">\n<p><span style=\"font-weight: 400;\">Hvis du er p\u00e5 udkig efter et job i en af virksomhederne, anbefaler vi dig at tage direkte kontakt til virksomheden. Du kan l\u00e6se mere om virksomhederne under &#8220;aktiviteter&#8221; og kontakte dem gennem deres egne hjemmesider.\u00a0<\/span><\/p>\n<p data-pm-slice=\"0 0 []\">\n<p><span style=\"font-weight: 400;\">Hvis du som leder gerne vil h\u00f8re mere om TA-Logistics og de karrieremuligheder, der er p\u00e5 tv\u00e6rs af vores virksomheder, er du velkommen til at tage kontakt til os.<\/span><\/p>\n<p data-pm-slice=\"0 0 []\">\n<p><span style=\"font-weight: 400;\">Alt sker naturligvis i fortrolighed. <\/span><\/p>\n<p>[\/et_pb_text][et_pb_text admin_label=&#8221;Description Text&#8221; module_class=&#8221;px_desc&#8221; _builder_version=&#8221;4.27.4&#8243; _module_preset=&#8221;default&#8221; custom_margin_tablet=&#8221;&#8221; custom_margin_phone=&#8221;10%||12px||false|false&#8221; custom_margin_last_edited=&#8221;on|phone&#8221; global_colors_info=&#8221;{}&#8221;]<\/p>\n<p><b>S\u00f8g job hos os:<\/b><\/p>\n<p>[\/et_pb_text][\/et_pb_column][et_pb_column type=&#8221;1_2&#8243; disabled_on=&#8221;on|on|off&#8221; _builder_version=&#8221;4.27.4&#8243; _module_preset=&#8221;default&#8221; background_enable_color=&#8221;off&#8221; background_image=&#8221;https:\/\/ta-logistics.dk\/wp-content\/uploads\/2025\/05\/8395.martingravgaard.jpg&#8221; background_blend=&#8221;overlay&#8221; custom_padding=&#8221;10%||10%||true|false&#8221; background_last_edited=&#8221;on|desktop&#8221; background_enable_color_tablet=&#8221;off&#8221; background_enable_image_tablet=&#8221;off&#8221; border_radii=&#8221;off|10px|70px|10px|70px&#8221; global_colors_info=&#8221;{}&#8221;][\/et_pb_column][\/et_pb_row][et_pb_row column_structure=&#8221;1_6,1_6,1_6,1_2&#8243; use_custom_gutter=&#8221;on&#8221; gutter_width=&#8221;2&#8243; _builder_version=&#8221;4.27.4&#8243; _module_preset=&#8221;default&#8221; custom_margin_tablet=&#8221;-5%||||false|false&#8221; custom_margin_phone=&#8221;||-15%||false|false&#8221; custom_margin_last_edited=&#8221;on|tablet&#8221; hover_enabled=&#8221;0&#8243; global_colors_info=&#8221;{}&#8221; make_equal=&#8221;on&#8221; sticky_enabled=&#8221;0&#8243;][et_pb_column type=&#8221;1_6&#8243; _builder_version=&#8221;4.27.4&#8243; _module_preset=&#8221;default&#8221; global_colors_info=&#8221;{}&#8221;][et_pb_button button_url=&#8221;https:\/\/www.kajmadsen.dk\/career.html&#8221; url_new_window=&#8221;on&#8221; button_text=&#8221;Kaj Madsen&#8221; button_alignment=&#8221;center&#8221; module_class=&#8221;px_btn light&#8221; _builder_version=&#8221;4.27.4&#8243; _module_preset=&#8221;default&#8221; custom_button=&#8221;on&#8221; button_font=&#8221;|600|||||||&#8221; hover_enabled=&#8221;0&#8243; custom_css_main_element=&#8221; display: block;||  width: 100%;&#8221; global_colors_info=&#8221;{}&#8221; custom_padding=&#8221;|0px||0px|false|true&#8221; sticky_enabled=&#8221;0&#8243;][\/et_pb_button][\/et_pb_column][et_pb_column type=&#8221;1_6&#8243; _builder_version=&#8221;4.27.4&#8243; _module_preset=&#8221;default&#8221; global_colors_info=&#8221;{}&#8221;][et_pb_button button_url=&#8221;https:\/\/www.gdl.se\/jobba-hos-oss\/&#8221; url_new_window=&#8221;on&#8221; button_text=&#8221;GDL&#8221; button_alignment=&#8221;center&#8221; module_class=&#8221;px_btn light&#8221; _builder_version=&#8221;4.27.4&#8243; _module_preset=&#8221;default&#8221; custom_button=&#8221;on&#8221; button_font=&#8221;|600|||||||&#8221; custom_css_main_element=&#8221; display: block;||  width: 100%;&#8221; global_colors_info=&#8221;{}&#8221; custom_padding=&#8221;|0px||0px|false|true&#8221;][\/et_pb_button][\/et_pb_column][et_pb_column type=&#8221;1_6&#8243; _builder_version=&#8221;4.27.4&#8243; _module_preset=&#8221;default&#8221; global_colors_info=&#8221;{}&#8221;][et_pb_button button_url=&#8221;https:\/\/in-store.dk\/soeg-job\/&#8221; url_new_window=&#8221;on&#8221; button_text=&#8221;IN-STORE&#8221; button_alignment=&#8221;center&#8221; module_class=&#8221;px_btn light&#8221; _builder_version=&#8221;4.27.4&#8243; _module_preset=&#8221;default&#8221; custom_button=&#8221;on&#8221; button_font=&#8221;|600|||||||&#8221; custom_css_main_element=&#8221; display: block;||  width: 100%;&#8221; global_colors_info=&#8221;{}&#8221; custom_padding=&#8221;|0px||0px|false|true&#8221;][\/et_pb_button][\/et_pb_column][et_pb_column type=&#8221;1_2&#8243; disabled_on=&#8221;on|on|off&#8221; _builder_version=&#8221;4.27.4&#8243; _module_preset=&#8221;default&#8221; global_colors_info=&#8221;{}&#8221;][\/et_pb_column][\/et_pb_row][et_pb_row column_structure=&#8221;1_6,1_6,1_6,1_2&#8243; use_custom_gutter=&#8221;on&#8221; gutter_width=&#8221;2&#8243; _builder_version=&#8221;4.27.4&#8243; _module_preset=&#8221;default&#8221; hover_enabled=&#8221;0&#8243; global_colors_info=&#8221;{}&#8221; make_equal=&#8221;on&#8221; sticky_enabled=&#8221;0&#8243;][et_pb_column type=&#8221;1_6&#8243; _builder_version=&#8221;4.27.4&#8243; _module_preset=&#8221;default&#8221; global_colors_info=&#8221;{}&#8221;][et_pb_button button_url=&#8221;https:\/\/www.skanol.com\/personale\/ledige-stillinger\/&#8221; url_new_window=&#8221;on&#8221; button_text=&#8221;Skanol&#8221; button_alignment=&#8221;center&#8221; module_class=&#8221;px_btn light&#8221; _builder_version=&#8221;4.27.4&#8243; _module_preset=&#8221;default&#8221; custom_button=&#8221;on&#8221; button_font=&#8221;|600|||||||&#8221; custom_css_main_element=&#8221; display: block;||  width: 100% !important;&#8221; global_colors_info=&#8221;{}&#8221; custom_padding=&#8221;|0px||0px|false|true&#8221;][\/et_pb_button][\/et_pb_column][et_pb_column type=&#8221;1_6&#8243; _builder_version=&#8221;4.27.4&#8243; _module_preset=&#8221;default&#8221; global_colors_info=&#8221;{}&#8221;][et_pb_button button_url=&#8221;https:\/\/frode-laursen.com\/karriere\/&#8221; url_new_window=&#8221;on&#8221; button_text=&#8221;Frode Laursen&#8221; button_alignment=&#8221;center&#8221; module_class=&#8221;px_btn light&#8221; _builder_version=&#8221;4.27.4&#8243; _module_preset=&#8221;default&#8221; custom_button=&#8221;on&#8221; button_font=&#8221;|600|||||||&#8221; custom_padding=&#8221;|0px||0px|false|true&#8221; custom_css_main_element=&#8221; display: block;||  width: 100%;&#8221; global_colors_info=&#8221;{}&#8221;][\/et_pb_button][\/et_pb_column][et_pb_column type=&#8221;1_6&#8243; _builder_version=&#8221;4.27.4&#8243; _module_preset=&#8221;default&#8221; global_colors_info=&#8221;{}&#8221;][et_pb_button button_url=&#8221;@ET-DC@eyJkeW5hbWljIjp0cnVlLCJjb250ZW50IjoicG9zdF9saW5rX3VybF9wYWdlIiwic2V0dGluZ3MiOnsicG9zdF9pZCI6IjEwMDU5OCJ9fQ==@&#8221; button_text=&#8221;TA-Development&#8221; button_alignment=&#8221;center&#8221; module_class=&#8221;px_btn light&#8221; _builder_version=&#8221;4.27.4&#8243; _dynamic_attributes=&#8221;button_url&#8221; _module_preset=&#8221;default&#8221; custom_button=&#8221;on&#8221; button_font=&#8221;|600|||||||&#8221; custom_padding=&#8221;|0px||0px|false|true&#8221; custom_css_main_element=&#8221; display: block;||  width: 100%;&#8221; global_colors_info=&#8221;{}&#8221;][\/et_pb_button][\/et_pb_column][et_pb_column type=&#8221;1_2&#8243; disabled_on=&#8221;on|on|off&#8221; _builder_version=&#8221;4.27.4&#8243; _module_preset=&#8221;default&#8221; global_colors_info=&#8221;{}&#8221;][\/et_pb_column][\/et_pb_row][\/et_pb_section][et_pb_section fb_built=&#8221;1&#8243; custom_padding_last_edited=&#8221;on|tablet&#8221; admin_label=&#8221;Team Section&#8221; _builder_version=&#8221;4.27.4&#8243; _module_preset=&#8221;default&#8221; background_color=&#8221;gcid-81360abc-de81-4218-972e-9a11b853e863&#8243; custom_margin=&#8221;||-6vh||false|false&#8221; custom_padding=&#8221;||7%||false|false&#8221; custom_padding_tablet=&#8221;||15%||false|false&#8221; custom_padding_phone=&#8221;||20%||false|false&#8221; locked=&#8221;off&#8221; global_colors_info=&#8221;{%22gcid-81360abc-de81-4218-972e-9a11b853e863%22:%91%22background_color%22%93}&#8221;][et_pb_row column_structure=&#8221;1_5,3_5,1_5&#8243; use_custom_gutter=&#8221;on&#8221; gutter_width=&#8221;1&#8243; custom_padding_last_edited=&#8221;on|phone&#8221; admin_label=&#8221;Team Row&#8221; _builder_version=&#8221;4.23&#8243; _module_preset=&#8221;default&#8221; module_alignment=&#8221;center&#8221; custom_padding=&#8221;||||false|false&#8221; custom_padding_tablet=&#8221;||||false|false&#8221; custom_padding_phone=&#8221;0px||||false|false&#8221; global_colors_info=&#8221;{}&#8221;][et_pb_column type=&#8221;1_5&#8243; _builder_version=&#8221;4.18.0&#8243; _module_preset=&#8221;default&#8221; global_colors_info=&#8221;{}&#8221;][\/et_pb_column][et_pb_column type=&#8221;3_5&#8243; _builder_version=&#8221;4.18.0&#8243; _module_preset=&#8221;default&#8221; global_colors_info=&#8221;{}&#8221;][et_pb_text admin_label=&#8221;Sub Title Text&#8221; module_class=&#8221;px_subtitle&#8221; _builder_version=&#8221;4.27.4&#8243; _module_preset=&#8221;default&#8221; text_orientation=&#8221;center&#8221; custom_margin=&#8221;||0px||false|false&#8221; global_colors_info=&#8221;{}&#8221;]<\/p>\n<h4>Kontakt<\/h4>\n<p>[\/et_pb_text][et_pb_divider color=&#8221;gcid-9d908bbe-fc74-4253-9ee5-c115b14680ef&#8221; divider_weight=&#8221;2px&#8221; _builder_version=&#8221;4.27.4&#8243; _module_preset=&#8221;default&#8221; max_width=&#8221;5%&#8221; module_alignment=&#8221;center&#8221; custom_margin=&#8221;||0px||false|false&#8221; global_module=&#8221;101195&#8243; saved_tabs=&#8221;all&#8221; global_colors_info=&#8221;{%22gcid-9d908bbe-fc74-4253-9ee5-c115b14680ef%22:%91%22color%22%93}&#8221;][\/et_pb_divider][et_pb_text admin_label=&#8221;Title Text&#8221; module_class=&#8221;px_title&#8221; _builder_version=&#8221;4.27.4&#8243; _module_preset=&#8221;default&#8221; text_orientation=&#8221;center&#8221; global_colors_info=&#8221;{}&#8221;]<\/p>\n<h2>Har du sp\u00f8rgsm\u00e5l?<\/h2>\n<p>[\/et_pb_text][\/et_pb_column][et_pb_column type=&#8221;1_5&#8243; _builder_version=&#8221;4.18.0&#8243; _module_preset=&#8221;default&#8221; global_colors_info=&#8221;{}&#8221;][\/et_pb_column][\/et_pb_row][et_pb_row column_structure=&#8221;1_2,1_2&#8243; use_custom_gutter=&#8221;on&#8221; gutter_width=&#8221;4&#8243; _builder_version=&#8221;4.27.4&#8243; _module_preset=&#8221;default&#8221; width=&#8221;50%&#8221; width_tablet=&#8221;50%&#8221; width_phone=&#8221;80%&#8221; width_last_edited=&#8221;on|tablet&#8221; max_width=&#8221;none&#8221; global_module=&#8221;338197&#8243; global_colors_info=&#8221;{}&#8221;][et_pb_column type=&#8221;1_2&#8243; _builder_version=&#8221;4.27.4&#8243; _module_preset=&#8221;default&#8221; background_color=&#8221;#FFFFFF&#8221; border_radii=&#8221;on|10px|10px|10px|10px&#8221; box_shadow_style=&#8221;preset1&#8243; global_colors_info=&#8221;{}&#8221;][et_pb_image src=&#8221;https:\/\/ta-logistics.dk\/wp-content\/uploads\/2025\/05\/Thorkil.png&#8221; alt=&#8221;Profilbillede af mand&#8221; title_text=&#8221;Thorkil Andersen&#8221; align=&#8221;center&#8221; _builder_version=&#8221;4.27.4&#8243; _module_preset=&#8221;default&#8221; width=&#8221;50%&#8221; width_tablet=&#8221;60%&#8221; width_phone=&#8221;70%&#8221; width_last_edited=&#8221;on|tablet&#8221; custom_margin=&#8221;3%||0px||false|false&#8221; custom_css_main_element=&#8221;overflow:hidden;&#8221; global_colors_info=&#8221;{}&#8221;][\/et_pb_image][et_pb_text admin_label=&#8221;Title &#038; Description&#8221; _builder_version=&#8221;4.27.4&#8243; _module_preset=&#8221;default&#8221; text_font_size=&#8221;15px&#8221; text_line_height=&#8221;1.6em&#8221; link_text_color=&#8221;gcid-body-color&#8221; header_3_font=&#8221;|700|||||||&#8221; header_3_text_align=&#8221;center&#8221; header_3_text_color=&#8221;gcid-9d908bbe-fc74-4253-9ee5-c115b14680ef&#8221; header_3_line_height=&#8221;1.4em&#8221; custom_margin=&#8221;||0px||false|false&#8221; custom_padding=&#8221;30px|30px|30px|30px|true|true&#8221; custom_css_main_element=&#8221;position:relative;&#8221; global_colors_info=&#8221;{%22gcid-body-color%22:%91%22text_text_color%22,%22link_text_color%22%93,%22gcid-9d908bbe-fc74-4253-9ee5-c115b14680ef%22:%91%22header_3_text_color%22%93}&#8221; background_color__hover=&#8221;&#8221; background_enable_color__hover=&#8221;on&#8221; background__hover_enabled=&#8221;on|hover&#8221;]<\/p>\n<h3 class=\"et_pb_module_header\"><span>Thorkild Andersen<\/span><\/h3>\n<div class=\"et_pb_blurb_description\">\n<p style=\"text-align: center;\"><a class=\"text-info font-weight-500\" href=\"tel:+45 40 64 05 79\" target=\"_blank\" rel=\"noopener\">+45 40 64 05 79<\/a><br \/><a class=\"text-info font-weight-500\" href=\"mailto:thand@ta-logistics.dk\" target=\"_blank\" rel=\"noopener\">thand@ta-logistics.dk<\/a><\/p>\n<\/div>\n<p>[\/et_pb_text][\/et_pb_column][et_pb_column type=&#8221;1_2&#8243; _builder_version=&#8221;4.27.4&#8243; _module_preset=&#8221;default&#8221; background_color=&#8221;#FFFFFF&#8221; border_radii=&#8221;on|10px|10px|10px|10px&#8221; box_shadow_style=&#8221;preset1&#8243; global_colors_info=&#8221;{}&#8221;][et_pb_image src=&#8221;https:\/\/ta-logistics.dk\/wp-content\/uploads\/2025\/06\/Mira.png&#8221; alt=&#8221;Profilbillede af kvinde&#8221; title_text=&#8221;Mira Andersen&#8221; align=&#8221;center&#8221; _builder_version=&#8221;4.27.4&#8243; _module_preset=&#8221;default&#8221; width=&#8221;50%&#8221; width_tablet=&#8221;60%&#8221; width_phone=&#8221;70%&#8221; width_last_edited=&#8221;on|tablet&#8221; custom_margin=&#8221;3%||0px||false|false&#8221; custom_css_main_element=&#8221;overflow:hidden;&#8221; locked=&#8221;off&#8221; global_colors_info=&#8221;{}&#8221;][\/et_pb_image][et_pb_text admin_label=&#8221;Title &#038; Description&#8221; _builder_version=&#8221;4.27.4&#8243; _module_preset=&#8221;default&#8221; text_font_size=&#8221;15px&#8221; text_line_height=&#8221;1.6em&#8221; link_text_align=&#8221;center&#8221; link_text_color=&#8221;gcid-body-color&#8221; header_3_font=&#8221;|700|||||||&#8221; header_3_text_align=&#8221;center&#8221; header_3_text_color=&#8221;gcid-9d908bbe-fc74-4253-9ee5-c115b14680ef&#8221; header_3_line_height=&#8221;1.4em&#8221; custom_margin=&#8221;||0px||false|false&#8221; custom_padding=&#8221;30px|30px|30px|30px|true|true&#8221; header_3_font_size_tablet=&#8221;&#8221; header_3_font_size_phone=&#8221;&#8221; header_3_font_size_last_edited=&#8221;on|desktop&#8221; custom_css_main_element=&#8221;position:relative;&#8221; locked=&#8221;off&#8221; global_colors_info=&#8221;{%22gcid-body-color%22:%91%22text_text_color%22,%22link_text_color%22,%22text_text_color%22,%22text_text_color%22%93,%22gcid-9d908bbe-fc74-4253-9ee5-c115b14680ef%22:%91%22header_3_text_color%22,%22link_text_color%22,%22header_3_text_color%22%93}&#8221; background_color__hover=&#8221;&#8221; background_enable_color__hover=&#8221;on&#8221; background__hover_enabled=&#8221;on|hover&#8221;]<\/p>\n<h3 class=\"et_pb_module_header\"><span>Mira Andersen<\/span><\/h3>\n<div class=\"et_pb_blurb_description\">\n<p style=\"text-align: center;\"><a class=\"text-info font-weight-500\" href=\"tel:+45 52 18 65 78\" target=\"_blank\" rel=\"noopener\">+45 52 18 65 78<\/a><br \/><a class=\"text-info font-weight-500\" href=\"mailto:msan@ta-logistics.dk\" target=\"_blank\" rel=\"noopener\">msan@ta-logistics.dk<\/a><\/p>\n<\/div>\n<p>[\/et_pb_text][\/et_pb_column][\/et_pb_row][\/et_pb_section]<\/p>\n","protected":false},"excerpt":{"rendered":"<p>S\u00f8g jobEr du interesseret i et job?Vi er altid p\u00e5 udkig efter dygtige og passionerede medarbejdere til vores virksomheder. S\u00e5 hvis du ligesom os mener, at logistik og transport er det fedeste og er nysgerrige p\u00e5 at h\u00f8re mere om, hvordan det er at v\u00e6re ansat hos os, skal du endelig tage kontakt til os.\u00a0 [&hellip;]<\/p>\n","protected":false},"author":103,"featured_media":0,"parent":338987,"menu_order":0,"comment_status":"closed","ping_status":"closed","template":"","meta":{"_acf_changed":false,"_et_pb_use_builder":"on","_et_pb_old_content":"","_et_gb_content_width":"","footnotes":""},"folder":[128],"class_list":["post-100574","page","type-page","status-publish","hentry"],"acf":[],"_links":{"self":[{"href":"https:\/\/ta-logistics.dk\/en\/wp-json\/wp\/v2\/pages\/100574","targetHints":{"allow":["GET"]}}],"collection":[{"href":"https:\/\/ta-logistics.dk\/en\/wp-json\/wp\/v2\/pages"}],"about":[{"href":"https:\/\/ta-logistics.dk\/en\/wp-json\/wp\/v2\/types\/page"}],"author":[{"embeddable":true,"href":"https:\/\/ta-logistics.dk\/en\/wp-json\/wp\/v2\/users\/103"}],"replies":[{"embeddable":true,"href":"https:\/\/ta-logistics.dk\/en\/wp-json\/wp\/v2\/comments?post=100574"}],"version-history":[{"count":2,"href":"https:\/\/ta-logistics.dk\/en\/wp-json\/wp\/v2\/pages\/100574\/revisions"}],"predecessor-version":[{"id":339694,"href":"https:\/\/ta-logistics.dk\/en\/wp-json\/wp\/v2\/pages\/100574\/revisions\/339694"}],"up":[{"embeddable":true,"href":"https:\/\/ta-logistics.dk\/en\/wp-json\/wp\/v2\/pages\/338987"}],"wp:attachment":[{"href":"https:\/\/ta-logistics.dk\/en\/wp-json\/wp\/v2\/media?parent=100574"}],"wp:term":[{"taxonomy":"folder","embeddable":true,"href":"https:\/\/ta-logistics.dk\/en\/wp-json\/wp\/v2\/folder?post=100574"}],"curies":[{"name":"wp","href":"https:\/\/api.w.org\/{rel}","templated":true}]}}