{"id":100580,"date":"2025-05-04T12:10:16","date_gmt":"2025-05-04T10:10:16","guid":{"rendered":"https:\/\/ta-logistics.dk\/?page_id=100580"},"modified":"2025-06-30T13:37:22","modified_gmt":"2025-06-30T11:37:22","slug":"hvem-er-vi","status":"publish","type":"page","link":"https:\/\/ta-logistics.dk\/en\/om-os\/hvem-er-vi\/","title":{"rendered":"Who are we?"},"content":{"rendered":"<p>[et_pb_section fb_built=&#8221;1&#8243; custom_padding_last_edited=&#8221;on|phone&#8221; admin_label=&#8221;Inner Banner Section&#8221; _builder_version=&#8221;4.27.4&#8243; _dynamic_attributes=&#8221;background_image&#8221; _module_preset=&#8221;783c27d6-b16e-4f28-83e1-fa433120189c&#8221; background_image=&#8221;@ET-DC@eyJkeW5hbWljIjp0cnVlLCJjb250ZW50IjoicG9zdF9mZWF0dXJlZF9pbWFnZSIsInNldHRpbmdzIjp7fX0=@&#8221; background_position=&#8221;top_center&#8221; background_vertical_offset=&#8221;34%&#8221; custom_padding_tablet=&#8221;&#8221; custom_padding_phone=&#8221;12%||10%||false|false&#8221; global_colors_info=&#8221;{}&#8221;][et_pb_row custom_padding_last_edited=&#8221;on|phone&#8221; _builder_version=&#8221;4.23&#8243; _module_preset=&#8221;default&#8221; custom_padding=&#8221;2vw||2vw||true|false&#8221; custom_padding_tablet=&#8221;2vw||2vw||true|false&#8221; custom_padding_phone=&#8221;||0px||false|false&#8221; global_colors_info=&#8221;{}&#8221;][et_pb_column type=&#8221;4_4&#8243; _builder_version=&#8221;4.21.0&#8243; _module_preset=&#8221;default&#8221; global_colors_info=&#8221;{}&#8221;][et_pb_text _builder_version=&#8221;4.23&#8243; _dynamic_attributes=&#8221;content&#8221; _module_preset=&#8221;default&#8221; text_text_color=&#8221;#FFFFFF&#8221; text_font_size=&#8221;50px&#8221; text_line_height=&#8221;50px&#8221; text_orientation=&#8221;center&#8221; custom_margin_tablet=&#8221;&#8221; custom_margin_phone=&#8221;||||false|false&#8221; custom_margin_last_edited=&#8221;on|phone&#8221; custom_padding=&#8221;||||false|false&#8221; text_font_size_tablet=&#8221;50px&#8221; text_font_size_phone=&#8221;35px&#8221; text_font_size_last_edited=&#8221;on|desktop&#8221; global_colors_info=&#8221;{}&#8221;]@ET-DC@eyJkeW5hbWljIjp0cnVlLCJjb250ZW50IjoicG9zdF90aXRsZSIsInNldHRpbmdzIjp7ImJlZm9yZSI6IiIsImFmdGVyIjoiIn19@[\/et_pb_text][\/et_pb_column][\/et_pb_row][\/et_pb_section][et_pb_section fb_built=&#8221;1&#8243; bg_img_2=&#8221;https:\/\/ta-logistics.dk\/wp-content\/uploads\/2025\/05\/business-05.jpg&#8221; admin_label=&#8221;About&#8221; _builder_version=&#8221;4.27.4&#8243; background_enable_image=&#8221;off&#8221; background_size=&#8221;initial&#8221; background_position=&#8221;top_center&#8221; locked=&#8221;off&#8221; global_colors_info=&#8221;{}&#8221;][et_pb_row custom_padding_last_edited=&#8221;on|tablet&#8221; admin_label=&#8221;Service Row&#8221; _builder_version=&#8221;4.27.4&#8243; _module_preset=&#8221;default&#8221; width_tablet=&#8221;90%&#8221; width_phone=&#8221;95%&#8221; width_last_edited=&#8221;on|phone&#8221; max_width_tablet=&#8221;90%&#8221; max_width_phone=&#8221;95%&#8221; max_width_last_edited=&#8221;on|tablet&#8221; custom_padding_tablet=&#8221;&#8221; custom_padding_phone=&#8221;0px||0px||false|false&#8221; locked=&#8221;off&#8221; global_colors_info=&#8221;{}&#8221;][et_pb_column type=&#8221;4_4&#8243; _builder_version=&#8221;4.18.0&#8243; _module_preset=&#8221;default&#8221; global_colors_info=&#8221;{}&#8221;][et_pb_heading title=&#8221;Vores historie&#8221; _builder_version=&#8221;4.27.4&#8243; _module_preset=&#8221;default&#8221; title_level=&#8221;h4&#8243; title_font=&#8221;|||on|||||&#8221; title_text_align=&#8221;center&#8221; title_text_color=&#8221;gcid-9d908bbe-fc74-4253-9ee5-c115b14680ef&#8221; title_font_size=&#8221;1rem&#8221; title_letter_spacing=&#8221;1px&#8221; custom_margin=&#8221;||5px||false|false&#8221; title_font_size_tablet=&#8221;1rem&#8221; title_font_size_phone=&#8221;1rem&#8221; global_colors_info=&#8221;{%22gcid-9d908bbe-fc74-4253-9ee5-c115b14680ef%22:%91%22title_text_color%22%93}&#8221;][\/et_pb_heading][et_pb_divider color=&#8221;gcid-9d908bbe-fc74-4253-9ee5-c115b14680ef&#8221; divider_weight=&#8221;2px&#8221; _builder_version=&#8221;4.27.4&#8243; _module_preset=&#8221;default&#8221; max_width=&#8221;5%&#8221; module_alignment=&#8221;center&#8221; custom_margin=&#8221;||0px||false|false&#8221; global_module=&#8221;101195&#8243; saved_tabs=&#8221;all&#8221; global_colors_info=&#8221;{%22gcid-9d908bbe-fc74-4253-9ee5-c115b14680ef%22:%91%22color%22%93}&#8221;][\/et_pb_divider][et_pb_heading title=&#8221;Det startede som en halv virksomhed&#8221; _builder_version=&#8221;4.27.4&#8243; _module_preset=&#8221;default&#8221; title_level=&#8221;h2&#8243; title_font=&#8221;||||||||&#8221; title_text_align=&#8221;center&#8221; title_letter_spacing=&#8221;1px&#8221; title_font_size_phone=&#8221;2rem&#8221; custom_css_main_element=&#8221;    font-weight: 600;||    text-transform: capitalize;||    font-size: 32px;||    line-height: 1.1em;||&#8221; global_colors_info=&#8221;{}&#8221;][\/et_pb_heading][\/et_pb_column][\/et_pb_row][et_pb_row custom_padding_last_edited=&#8221;on|tablet&#8221; _builder_version=&#8221;4.27.4&#8243; custom_padding_tablet=&#8221;&#8221; custom_padding_phone=&#8221;||0px||false|false&#8221; global_colors_info=&#8221;{}&#8221;][et_pb_column type=&#8221;4_4&#8243; _builder_version=&#8221;4.16&#8243; custom_padding=&#8221;|||&#8221; global_colors_info=&#8221;{}&#8221; custom_padding__hover=&#8221;|||&#8221;][et_pb_text _builder_version=&#8221;4.27.4&#8243; text_font=&#8221;||||||||&#8221; text_font_size=&#8221;15px&#8221; text_line_height=&#8221;2em&#8221; header_2_font=&#8221;Glegoo||||||||&#8221; header_2_font_size=&#8221;40px&#8221; header_2_line_height=&#8221;1.4em&#8221; header_4_font=&#8221;|700||on|||||&#8221; header_4_text_color=&#8221;#1d48c0&#8243; header_4_font_size=&#8221;16px&#8221; header_4_letter_spacing=&#8221;2px&#8221; header_4_line_height=&#8221;1.6em&#8221; header_2_font_size_tablet=&#8221;30px&#8221; header_2_font_size_phone=&#8221;22px&#8221; header_4_font_size_tablet=&#8221;&#8221; header_4_font_size_phone=&#8221;14px&#8221; header_4_font_size_last_edited=&#8221;on|phone&#8221; custom_css_main_element=&#8221;column-count: 2;||  column-gap: 40px;&#8221; locked=&#8221;off&#8221; global_colors_info=&#8221;{}&#8221; custom_css_main_element_last_edited=&#8221;on|tablet&#8221; custom_css_main_element_tablet=&#8221;-&#8221; custom_css_main_element_phone=&#8221;-&#8220;]<\/p>\n<p><span style=\"font-weight: 400;\">Bag TA-Logistics st\u00e5r familien Andersen, der gennem mange \u00e5r har opbygget en solid erfaring inden for transport og logistik. Det begyndte i 1988 og 1989, da familien overtager det fulde ejerskab af logistikvirksomheden Frode Laursen, der p\u00e5 dav\u00e6rende tidspunkt k\u00e6mper med faldende priser, underskud og \u00f8get konkurrence. Ved hj\u00e6lp af fokus og str\u00f8mlining lykkes det at vende virksomhedens underskud til overskud, og i dag er Frode Laursen en st\u00f8rre anerkendt nordeurop\u00e6isk logistikvirksomhed.<\/span><\/p>\n<p><span style=\"font-weight: 400;\">\u00a0<\/span><span style=\"font-weight: 400;\">Siden da opk\u00f8ber familien flere logistikvirksomheder og samler disse under TA-Logistics. I dag ejer TA-Logistics en portef\u00f8lje af selskaber inden for transport- og logistikvirksomheder og -ejendomme.\u00a0<\/span><\/p>\n<p><span style=\"font-weight: 400;\">TA-Logistics vil ogs\u00e5 i fremtiden v\u00e6re en familieejet investeringsvirksomhed, som fokuserer p\u00e5 logistik og transport, hvor vi fortsat vil have fokus p\u00e5 transport- og logistikvirksomheder, opk\u00f8b af jord, udvikling af logistikejendomme samt udlejning af disse.\u00a0<\/span><\/p>\n<p><span style=\"font-weight: 400;\">Vores mange\u00e5rige arbejde med transport og logistik har givet os faglig indsigt og passion for logistik, som g\u00f8r os i stand til at investere, drive og udvikle logistikvirksomheder. Vi arbejder l\u00f8bende p\u00e5 at udvide vores portef\u00f8lje af logistikvirksomheder og -ejendomme vil i fremtiden forts\u00e6tte med at investere i logistik, og vi er derfor altid p\u00e5 udkig efter vores n\u00e6ste investering.<\/span><\/p>\n<p>[\/et_pb_text][\/et_pb_column][\/et_pb_row][\/et_pb_section][et_pb_section fb_built=&#8221;1&#8243; fullwidth=&#8221;on&#8221; disabled_on=&#8221;off|off|on&#8221; _builder_version=&#8221;4.27.4&#8243; _module_preset=&#8221;default&#8221; global_colors_info=&#8221;{}&#8221;][et_pb_fullwidth_image src=&#8221;https:\/\/ta-logistics.dk\/wp-content\/uploads\/2025\/05\/Frode-Laursen-07-scaled.jpg&#8221; alt=&#8221;Mand og kvinde taler sammen&#8221; title_text=&#8221;Ta-Logistics&#8221; _builder_version=&#8221;4.27.4&#8243; _module_preset=&#8221;default&#8221; global_colors_info=&#8221;{}&#8221;][\/et_pb_fullwidth_image][\/et_pb_section][et_pb_section fb_built=&#8221;1&#8243; admin_label=&#8221;Header&#8221; _builder_version=&#8221;4.27.4&#8243; _module_preset=&#8221;default&#8221; custom_padding=&#8221;0px||0px||true|false&#8221; locked=&#8221;off&#8221; collapsed=&#8221;on&#8221; global_colors_info=&#8221;{}&#8221;][et_pb_row column_structure=&#8221;1_2,1_2&#8243; use_custom_gutter=&#8221;on&#8221; gutter_width=&#8221;1&#8243; make_equal=&#8221;on&#8221; _builder_version=&#8221;4.27.4&#8243; _module_preset=&#8221;default&#8221; width=&#8221;100%&#8221; max_width=&#8221;none&#8221; custom_margin=&#8221;0px||||false|false&#8221; custom_padding=&#8221;0px||0px||true|false&#8221; global_colors_info=&#8221;{}&#8221;][et_pb_column type=&#8221;1_2&#8243; _builder_version=&#8221;4.27.4&#8243; _module_preset=&#8221;default&#8221; background_color=&#8221;gcid-81360abc-de81-4218-972e-9a11b853e863&#8243; background_enable_image=&#8221;off&#8221; background_blend=&#8221;multiply&#8221; custom_padding=&#8221;5%|7%|5%|7%|true|true&#8221; custom_padding_tablet=&#8221;5%|7%|5%|7%|true|true&#8221; custom_padding_phone=&#8221;10%|7%|10%|7%|true|true&#8221; custom_padding_last_edited=&#8221;on|desktop&#8221; global_colors_info=&#8221;{%22gcid-81360abc-de81-4218-972e-9a11b853e863%22:%91%22background_color%22%93}&#8221;][et_pb_heading title=&#8221;TA-Logistics\u2019 opgaver&#8221; _builder_version=&#8221;4.27.4&#8243; _module_preset=&#8221;default&#8221; title_level=&#8221;h4&#8243; title_font=&#8221;|||on|||||&#8221; title_text_align=&#8221;left&#8221; title_text_color=&#8221;gcid-9d908bbe-fc74-4253-9ee5-c115b14680ef&#8221; title_font_size=&#8221;1rem&#8221; title_letter_spacing=&#8221;1px&#8221; custom_margin=&#8221;||5px||false|false&#8221; title_font_size_tablet=&#8221;1rem&#8221; title_font_size_phone=&#8221;1rem&#8221; locked=&#8221;off&#8221; global_colors_info=&#8221;{%22gcid-9d908bbe-fc74-4253-9ee5-c115b14680ef%22:%91%22title_text_color%22%93}&#8221;][\/et_pb_heading][et_pb_divider color=&#8221;gcid-9d908bbe-fc74-4253-9ee5-c115b14680ef&#8221; divider_weight=&#8221;2px&#8221; _builder_version=&#8221;4.27.4&#8243; _module_preset=&#8221;default&#8221; max_width=&#8221;5%&#8221; module_alignment=&#8221;left&#8221; custom_margin=&#8221;||0px||false|false&#8221; global_module=&#8221;101192&#8243; saved_tabs=&#8221;all&#8221; locked=&#8221;off&#8221; global_colors_info=&#8221;{%22gcid-9d908bbe-fc74-4253-9ee5-c115b14680ef%22:%91%22color%22%93}&#8221;][\/et_pb_divider][et_pb_heading title=&#8221;Et aktivt ejerskab med fokus p\u00e5 v\u00e6kst og netv\u00e6rk&#8221; _builder_version=&#8221;4.27.4&#8243; _module_preset=&#8221;default&#8221; title_level=&#8221;h2&#8243; title_font=&#8221;||||||||&#8221; title_text_align=&#8221;left&#8221; title_letter_spacing=&#8221;1px&#8221; custom_margin=&#8221;||5%||false|false&#8221; title_font_size_phone=&#8221;2rem&#8221; custom_css_main_element=&#8221;    font-weight: 600;||    text-transform: capitalize;||    font-size: 32px;||    line-height: 1.1em;||&#8221; locked=&#8221;off&#8221; global_colors_info=&#8221;{}&#8221;][\/et_pb_heading][et_pb_text admin_label=&#8221;Description Text&#8221; module_class=&#8221;px_desc&#8221; _builder_version=&#8221;4.27.4&#8243; _module_preset=&#8221;default&#8221; hover_enabled=&#8221;0&#8243; locked=&#8221;off&#8221; global_colors_info=&#8221;{}&#8221; sticky_enabled=&#8221;0&#8243;]<\/p>\n<p>Vi arbejder m\u00e5lrettet for at skabe v\u00e6rdi og v\u00e6kst i vores netv\u00e6rk af virksomheder. Det g\u00f8r vi gennem en r\u00e6kke konkrete initiativer og en aktiv tilgang til samarbejde, udvikling og videndeling. Herunder er nogle af vores vigtigste opgaver:<\/p>\n<p data-start=\"72\" data-end=\"220\"><strong data-start=\"72\" data-end=\"94\">Aktiviteter samles<\/strong><br data-start=\"94\" data-end=\"97\" \/>Vi styrker vores logistiske kompetencer ved at samle aktiviteter under TA-Logistics, hvor vi skaber synergi og deler viden.<\/p>\n<p data-start=\"227\" data-end=\"346\"><strong data-start=\"227\" data-end=\"258\">Samspil mellem virksomheder<\/strong><br data-start=\"258\" data-end=\"261\" \/>Vi skaber samspil mellem vores virksomheder, s\u00e5 de drager nytte af hinandens styrker.<\/p>\n<p data-start=\"353\" data-end=\"473\"><strong data-start=\"353\" data-end=\"376\">Fleksibelt ejerskab<\/strong><br data-start=\"376\" data-end=\"379\" \/>Vi er fleksible i vores ejerperspektiver, s\u00e5 l\u00e6nge det skaber v\u00e6rdi og mening for alle parter.<\/p>\n<p data-start=\"480\" data-end=\"611\"><strong data-start=\"480\" data-end=\"498\">Group-funktion<\/strong><br data-start=\"498\" data-end=\"501\" \/>Vi agerer som investeringsvirksomhed og tilbyder en form for \u201cgroup\u201d-funktion, der styrker vores virksomheder.<\/p>\n<p data-start=\"618\" data-end=\"728\"><strong data-start=\"618\" data-end=\"637\">Aktivt ejerskab<\/strong><br data-start=\"637\" data-end=\"640\" \/>Vi deltager aktivt i ledelsen og tager ansvar gennem bestyrelsesarbejde og t\u00e6t ejerskab.<\/p>\n<p data-start=\"735\" data-end=\"851\"><strong data-start=\"735\" data-end=\"758\">Selvst\u00e6ndig ledelse<\/strong><br data-start=\"758\" data-end=\"761\" \/>Vi sikrer selvst\u00e6ndighed, s\u00e5 hver virksomhed har sin egen st\u00e6rke og velfungerende ledelse.<\/p>\n<p data-start=\"858\" data-end=\"998\"><strong data-start=\"858\" data-end=\"887\">Fokus p\u00e5 kernekompetencer<\/strong><br data-start=\"887\" data-end=\"890\" \/>Vi fokuserer vores investeringer, s\u00e5 vi kun engagerer os i omr\u00e5der, der underst\u00f8tter vores kernekompetencer.<\/p>\n<p data-start=\"1005\" data-end=\"1113\"><strong data-start=\"1005\" data-end=\"1032\">Nordisk markedskendskab<\/strong><br data-start=\"1032\" data-end=\"1035\" \/>Vi kender markedet og er dybt forankrede i den nordeurop\u00e6iske logistikbranche.<\/p>\n<p>[\/et_pb_text][\/et_pb_column][et_pb_column type=&#8221;1_2&#8243; disabled_on=&#8221;on|on|off&#8221; _builder_version=&#8221;4.27.4&#8243; _module_preset=&#8221;default&#8221; background_image=&#8221;https:\/\/ta-logistics.dk\/wp-content\/uploads\/2025\/05\/Frode-Laursen-10flip.jpg&#8221; parallax=&#8221;on&#8221; global_colors_info=&#8221;{}&#8221;][\/et_pb_column][\/et_pb_row][\/et_pb_section]<\/p>\n","protected":false},"excerpt":{"rendered":"<p>Bag TA-Logistics st\u00e5r familien Andersen, der gennem mange \u00e5r har opbygget en solid erfaring inden for transport og logistik. Det begyndte i 1988 og 1989, da familien overtager det fulde ejerskab af logistikvirksomheden Frode Laursen, der p\u00e5 dav\u00e6rende tidspunkt k\u00e6mper med faldende priser, underskud og \u00f8get konkurrence. Ved hj\u00e6lp af fokus og str\u00f8mlining lykkes det [&hellip;]<\/p>\n","protected":false},"author":103,"featured_media":339203,"parent":338993,"menu_order":0,"comment_status":"closed","ping_status":"closed","template":"","meta":{"_acf_changed":false,"_et_pb_use_builder":"on","_et_pb_old_content":"","_et_gb_content_width":"","footnotes":""},"folder":[131],"class_list":["post-100580","page","type-page","status-publish","has-post-thumbnail","hentry"],"acf":[],"_links":{"self":[{"href":"https:\/\/ta-logistics.dk\/en\/wp-json\/wp\/v2\/pages\/100580","targetHints":{"allow":["GET"]}}],"collection":[{"href":"https:\/\/ta-logistics.dk\/en\/wp-json\/wp\/v2\/pages"}],"about":[{"href":"https:\/\/ta-logistics.dk\/en\/wp-json\/wp\/v2\/types\/page"}],"author":[{"embeddable":true,"href":"https:\/\/ta-logistics.dk\/en\/wp-json\/wp\/v2\/users\/103"}],"replies":[{"embeddable":true,"href":"https:\/\/ta-logistics.dk\/en\/wp-json\/wp\/v2\/comments?post=100580"}],"version-history":[{"count":2,"href":"https:\/\/ta-logistics.dk\/en\/wp-json\/wp\/v2\/pages\/100580\/revisions"}],"predecessor-version":[{"id":339622,"href":"https:\/\/ta-logistics.dk\/en\/wp-json\/wp\/v2\/pages\/100580\/revisions\/339622"}],"up":[{"embeddable":true,"href":"https:\/\/ta-logistics.dk\/en\/wp-json\/wp\/v2\/pages\/338993"}],"wp:featuredmedia":[{"embeddable":true,"href":"https:\/\/ta-logistics.dk\/en\/wp-json\/wp\/v2\/media\/339203"}],"wp:attachment":[{"href":"https:\/\/ta-logistics.dk\/en\/wp-json\/wp\/v2\/media?parent=100580"}],"wp:term":[{"taxonomy":"folder","embeddable":true,"href":"https:\/\/ta-logistics.dk\/en\/wp-json\/wp\/v2\/folder?post=100580"}],"curies":[{"name":"wp","href":"https:\/\/api.w.org\/{rel}","templated":true}]}}