{"id":100586,"date":"2025-05-04T12:10:41","date_gmt":"2025-05-04T10:10:41","guid":{"rendered":"https:\/\/ta-logistics.dk\/?page_id=100586"},"modified":"2025-06-30T13:37:32","modified_gmt":"2025-06-30T11:37:32","slug":"vaerdi-strategi","status":"publish","type":"page","link":"https:\/\/ta-logistics.dk\/en\/om-os\/vaerdi-strategi\/","title":{"rendered":"Value &amp; strategy"},"content":{"rendered":"<p>[et_pb_section fb_built=&#8221;1&#8243; custom_padding_last_edited=&#8221;on|phone&#8221; admin_label=&#8221;Inner Banner Section&#8221; _builder_version=&#8221;4.27.4&#8243; _module_preset=&#8221;783c27d6-b16e-4f28-83e1-fa433120189c&#8221; background_image=&#8221;https:\/\/ta-logistics.dk\/wp-content\/uploads\/2025\/05\/Frode-Laursen-07-scaled.jpg&#8221; custom_padding_tablet=&#8221;&#8221; custom_padding_phone=&#8221;0px||0px||true|false&#8221; global_colors_info=&#8221;{}&#8221;][et_pb_row custom_padding_last_edited=&#8221;on|phone&#8221; _builder_version=&#8221;4.23&#8243; _module_preset=&#8221;default&#8221; custom_padding=&#8221;||10px||false|false&#8221; custom_padding_tablet=&#8221;&#8221; custom_padding_phone=&#8221;||0px||false|false&#8221; global_colors_info=&#8221;{}&#8221;][et_pb_column type=&#8221;4_4&#8243; _builder_version=&#8221;4.21.0&#8243; _module_preset=&#8221;default&#8221; global_colors_info=&#8221;{}&#8221;][et_pb_text _builder_version=&#8221;4.23&#8243; _dynamic_attributes=&#8221;content&#8221; _module_preset=&#8221;default&#8221; text_text_color=&#8221;#FFFFFF&#8221; text_font_size=&#8221;50px&#8221; text_line_height=&#8221;50px&#8221; text_orientation=&#8221;center&#8221; custom_margin_tablet=&#8221;&#8221; custom_margin_phone=&#8221;||||false|false&#8221; custom_margin_last_edited=&#8221;on|phone&#8221; custom_padding=&#8221;||||false|false&#8221; text_font_size_tablet=&#8221;50px&#8221; text_font_size_phone=&#8221;35px&#8221; text_font_size_last_edited=&#8221;on|desktop&#8221; global_colors_info=&#8221;{}&#8221;]@ET-DC@eyJkeW5hbWljIjp0cnVlLCJjb250ZW50IjoicG9zdF90aXRsZSIsInNldHRpbmdzIjp7ImJlZm9yZSI6IiIsImFmdGVyIjoiIn19@[\/et_pb_text][\/et_pb_column][\/et_pb_row][\/et_pb_section][et_pb_section fb_built=&#8221;1&#8243; custom_padding_last_edited=&#8221;on|tablet&#8221; admin_label=&#8221;Skill Section&#8221; _builder_version=&#8221;4.27.4&#8243; _module_preset=&#8221;default&#8221; custom_padding=&#8221;7%||||false|false&#8221; custom_padding_tablet=&#8221;10%||5%||false|false&#8221; custom_padding_phone=&#8221;15%||10%||false|false&#8221; custom_css_main_element=&#8221;overflow:hidden;&#8221; global_colors_info=&#8221;{}&#8221;][et_pb_row column_structure=&#8221;2_5,3_5&#8243; make_equal=&#8221;on&#8221; admin_label=&#8221;Skill Row&#8221; _builder_version=&#8221;4.27.4&#8243; _module_preset=&#8221;default&#8221; width_tablet=&#8221;&#8221; width_phone=&#8221;80%&#8221; width_last_edited=&#8221;on|phone&#8221; max_width_tablet=&#8221;&#8221; max_width_phone=&#8221;90%&#8221; max_width_last_edited=&#8221;on|phone&#8221; custom_margin=&#8221;||5%||false|false&#8221; custom_margin_tablet=&#8221;||5%||false|false&#8221; custom_margin_phone=&#8221;||0%||false|false&#8221; custom_margin_last_edited=&#8221;on|tablet&#8221; custom_padding=&#8221;0px||0px||false|false&#8221; global_colors_info=&#8221;{}&#8221;][et_pb_column type=&#8221;2_5&#8243; disabled_on=&#8221;on|on|off&#8221; _builder_version=&#8221;4.27.4&#8243; _module_preset=&#8221;default&#8221; background_image=&#8221;https:\/\/ta-logistics.dk\/wp-content\/uploads\/2025\/06\/Vores-vaerdier-scaled.jpg&#8221; border_radii=&#8221;off|70px|10px|70px|10px&#8221; global_colors_info=&#8221;{}&#8221;][\/et_pb_column][et_pb_column type=&#8221;3_5&#8243; _builder_version=&#8221;4.27.4&#8243; _module_preset=&#8221;default&#8221; custom_padding=&#8221;0px||0px||false|false&#8221; global_colors_info=&#8221;{}&#8221;][et_pb_heading title=&#8221;Vores v\u00e6rdier&#8221; _builder_version=&#8221;4.27.4&#8243; _module_preset=&#8221;default&#8221; title_level=&#8221;h4&#8243; title_font=&#8221;|||on|||||&#8221; title_text_align=&#8221;left&#8221; title_text_color=&#8221;gcid-9d908bbe-fc74-4253-9ee5-c115b14680ef&#8221; title_font_size=&#8221;1rem&#8221; title_letter_spacing=&#8221;1px&#8221; custom_margin=&#8221;||5px||false|false&#8221; title_font_size_tablet=&#8221;1rem&#8221; title_font_size_phone=&#8221;1rem&#8221; global_colors_info=&#8221;{%22gcid-9d908bbe-fc74-4253-9ee5-c115b14680ef%22:%91%22title_text_color%22%93}&#8221;][\/et_pb_heading][et_pb_divider color=&#8221;gcid-9d908bbe-fc74-4253-9ee5-c115b14680ef&#8221; divider_weight=&#8221;2px&#8221; _builder_version=&#8221;4.27.4&#8243; _module_preset=&#8221;default&#8221; max_width=&#8221;5%&#8221; module_alignment=&#8221;left&#8221; custom_margin=&#8221;||0px||false|false&#8221; global_module=&#8221;101192&#8243; saved_tabs=&#8221;all&#8221; locked=&#8221;off&#8221; global_colors_info=&#8221;{%22gcid-9d908bbe-fc74-4253-9ee5-c115b14680ef%22:%91%22color%22%93}&#8221;][\/et_pb_divider][et_pb_heading title=&#8221;Fundamentet for vores forretning&#8221; _builder_version=&#8221;4.27.4&#8243; _module_preset=&#8221;default&#8221; title_level=&#8221;h2&#8243; title_font=&#8221;||||||||&#8221; title_text_align=&#8221;left&#8221; title_letter_spacing=&#8221;1px&#8221; custom_css_main_element=&#8221;    font-weight: 600;||    text-transform: capitalize;||    font-size: 32px;||    line-height: 1.1em;||&#8221; global_colors_info=&#8221;{}&#8221;][\/et_pb_heading][et_pb_text admin_label=&#8221;Description Text&#8221; module_class=&#8221;px_desc&#8221; _builder_version=&#8221;4.27.4&#8243; _module_preset=&#8221;default&#8221; custom_margin=&#8221;0px||||false|false&#8221; custom_margin_tablet=&#8221;&#8221; custom_margin_phone=&#8221;||12px||false|false&#8221; custom_margin_last_edited=&#8221;on|phone&#8221; global_colors_info=&#8221;{}&#8221;]<\/p>\n<p>Vores v\u00e6rdier er simple og kan tydeligt genkendes i alle vores aktiviteter.<\/p>\n<p><strong>Mestring<\/strong><br \/>Vi str\u00e6ber efter at v\u00e6re de bedste inden for vores forretningsomr\u00e5der. Vi forholder os nysgerrigt, nyt\u00e6nkende og \u00e5bensindet til de sm\u00e5 og store udfordringer vi m\u00f8der.<\/p>\n<p><strong>Udvikling og v\u00e6kst<\/strong><br \/>Vi bliver motiveret og inspireret af at se mennesker og resultater vokse med vores ambitioner.<\/p>\n<p><strong>Ansvarlighed<\/strong><br \/>Vi l\u00e6gger v\u00e6gt p\u00e5 \u00e6rlighed og oprigtighed som n\u00f8gleord for vores m\u00e5de at samarbejde og drive forretning.<\/p>\n<p><strong>Ydmyghed<\/strong><br \/>Vi er ydmyge nok til at indr\u00f8mme vores fejl og kloge nok til at l\u00e6re fra dem.<\/p>\n<p>[\/et_pb_text][\/et_pb_column][\/et_pb_row][\/et_pb_section][et_pb_section fb_built=&#8221;1&#8243; admin_label=&#8221;Service Section&#8221; _builder_version=&#8221;4.27.4&#8243; _module_preset=&#8221;637d0d88-3989-4b77-ae6c-1a621087fceb&#8221; locked=&#8221;off&#8221; global_colors_info=&#8221;{}&#8221;][\/et_pb_section][et_pb_section fb_built=&#8221;1&#8243; custom_padding_last_edited=&#8221;on|tablet&#8221; admin_label=&#8221;Intro\/About Us Style 27 Section 1&#8243; module_class=&#8221;dp_intro_style27&#8243; _builder_version=&#8221;4.27.4&#8243; _module_preset=&#8221;default&#8221; custom_padding=&#8221;5%||2%||false|false&#8221; custom_padding_tablet=&#8221;||0%||false|false&#8221; custom_padding_phone=&#8221;10%||0%||false|false&#8221; global_colors_info=&#8221;{}&#8221;][et_pb_row _builder_version=&#8221;4.27.4&#8243; _module_preset=&#8221;default&#8221; global_colors_info=&#8221;{}&#8221;][et_pb_column type=&#8221;4_4&#8243; _builder_version=&#8221;4.27.4&#8243; _module_preset=&#8221;default&#8221; global_colors_info=&#8221;{}&#8221;][et_pb_heading title=&#8221;Vores strategi&#8221; _builder_version=&#8221;4.27.4&#8243; _module_preset=&#8221;default&#8221; title_level=&#8221;h4&#8243; title_font=&#8221;|||on|||||&#8221; title_text_align=&#8221;left&#8221; title_text_color=&#8221;gcid-9d908bbe-fc74-4253-9ee5-c115b14680ef&#8221; title_font_size=&#8221;1rem&#8221; title_letter_spacing=&#8221;1px&#8221; custom_margin=&#8221;||5px||false|false&#8221; title_font_size_tablet=&#8221;1rem&#8221; title_font_size_phone=&#8221;1rem&#8221; locked=&#8221;off&#8221; global_colors_info=&#8221;{%22gcid-9d908bbe-fc74-4253-9ee5-c115b14680ef%22:%91%22title_text_color%22%93}&#8221;][\/et_pb_heading][et_pb_divider color=&#8221;gcid-9d908bbe-fc74-4253-9ee5-c115b14680ef&#8221; divider_weight=&#8221;2px&#8221; _builder_version=&#8221;4.27.4&#8243; _module_preset=&#8221;default&#8221; max_width=&#8221;5%&#8221; module_alignment=&#8221;left&#8221; custom_margin=&#8221;||0px||false|false&#8221; global_module=&#8221;101192&#8243; saved_tabs=&#8221;all&#8221; locked=&#8221;off&#8221; global_colors_info=&#8221;{%22gcid-9d908bbe-fc74-4253-9ee5-c115b14680ef%22:%91%22color%22%93}&#8221;][\/et_pb_divider][et_pb_heading title=&#8221;Vores strategi er, at vi vil have de bedste logistikinvestorer i Nordeuropa&#8221; _builder_version=&#8221;4.27.4&#8243; _module_preset=&#8221;default&#8221; title_level=&#8221;h2&#8243; title_font=&#8221;||||||||&#8221; title_text_align=&#8221;left&#8221; title_font_size=&#8221;1.6rem&#8221; title_letter_spacing=&#8221;1px&#8221; custom_margin=&#8221;||5%||false|false&#8221; custom_margin_tablet=&#8221;||7%||false|false&#8221; custom_margin_phone=&#8221;||7%||false|false&#8221; custom_margin_last_edited=&#8221;on|phone&#8221; title_font_size_tablet=&#8221;1.6rem&#8221; title_font_size_phone=&#8221;1.6rem&#8221; title_font_size_last_edited=&#8221;on|phone&#8221; custom_css_main_element=&#8221;    font-weight: 600;||    text-transform: capitalize;||    font-size: 32px;||    line-height: 1.1em;||&#8221; locked=&#8221;off&#8221; global_colors_info=&#8221;{}&#8221;][\/et_pb_heading][et_pb_text admin_label=&#8221;Description Text&#8221; module_class=&#8221;px_desc&#8221; _builder_version=&#8221;4.27.4&#8243; _module_preset=&#8221;default&#8221; locked=&#8221;off&#8221; global_colors_info=&#8221;{}&#8221;]<\/p>\n<p><span>Hos TA-Logistics arbejder vi m\u00e5lrettet mod at v\u00e6re den f\u00f8rende logistikinvestor i Nordeuropa. Det g\u00f8r vi med en klar strategi og et st\u00e6rkt v\u00e6rdigrundlag, der styrer vores daglige beslutninger og langsigtede prioriteringer.<\/span><\/p>\n<p><strong>Det betyder, at vi:<\/strong><span><\/span><\/p>\n<p><span><\/span><\/p>\n<p>[\/et_pb_text][\/et_pb_column][\/et_pb_row][et_pb_row column_structure=&#8221;1_3,1_3,1_3&#8243; admin_label=&#8221;Intro\/About Us Style 27 Section 1 Row 1&#8243; _builder_version=&#8221;4.27.4&#8243; _module_preset=&#8221;default&#8221; custom_padding=&#8221;0px||||false|false&#8221; global_colors_info=&#8221;{}&#8221;][et_pb_column type=&#8221;1_3&#8243; _builder_version=&#8221;4.27.4&#8243; _module_preset=&#8221;default&#8221; global_colors_info=&#8221;{}&#8221;][et_pb_blurb use_icon=&#8221;on&#8221; font_icon=&#8221;&#xe068;||fa||900&#8243; icon_placement=&#8221;left&#8221; image_icon_width=&#8221;25px&#8221; icon_placement_tablet=&#8221;top&#8221; icon_placement_phone=&#8221;&#8221; icon_placement_last_edited=&#8221;on|tablet&#8221; image_icon_width_tablet=&#8221;&#8221; image_icon_width_phone=&#8221;&#8221; image_icon_width_last_edited=&#8221;on|tablet&#8221; admin_label=&#8221;Icon &#038; Title &#038; Description&#8221; _builder_version=&#8221;4.27.4&#8243; _module_preset=&#8221;default&#8221; header_font=&#8221;|700||on|||||&#8221; header_text_color=&#8221;gcid-9d908bbe-fc74-4253-9ee5-c115b14680ef&#8221; body_font=&#8221;||||||||&#8221; image_icon_custom_padding_tablet=&#8221;&#8221; image_icon_custom_padding_phone=&#8221;&#8221; image_icon_custom_padding_last_edited=&#8221;on|tablet&#8221; custom_margin=&#8221;40px||||false|false&#8221; custom_padding=&#8221;||25px||false|false&#8221; hover_enabled=&#8221;0&#8243; text_orientation_tablet=&#8221;center&#8221; text_orientation_phone=&#8221;&#8221; text_orientation_last_edited=&#8221;on|tablet&#8221; custom_css_blurb_image=&#8221;width: 40px;&#8221; border_color_bottom=&#8221;#dddddd&#8221; border_width_all_image_tablet=&#8221;&#8221; border_width_all_image_phone=&#8221;&#8221; border_width_all_image_last_edited=&#8221;on|tablet&#8221; icon_font_size=&#8221;25px&#8221; global_colors_info=&#8221;{%22gcid-9d908bbe-fc74-4253-9ee5-c115b14680ef%22:%91%22header_text_color%22,%22icon_color%22%93,%22gcid-26935dd2-c7fc-493a-a5af-c156a40f96d7%22:%91%22header_text_color__hover%22%93}&#8221; custom_css_blurb_image_last_edited=&#8221;on|tablet&#8221; custom_css_blurb_image_tablet=&#8221;margin: 0 auto 20px;||width:40px;&#8221; icon_color__hover_enabled=&#8221;on|desktop&#8221; custom_css_blurb_image_phone=&#8221;margin: 0 auto 20px;||width:40px;&#8221; sticky_enabled=&#8221;0&#8243;]<\/p>\n<p><strong data-start=\"123\" data-end=\"152\">Aktivt bestyrelsesarbejde<\/strong><br data-start=\"152\" data-end=\"155\" \/>Vi engagerer os aktivt i bestyrelsesarbejdet og prioriterer en t\u00e6t og l\u00f8bende dialog med hver enkelt virksomhed.<\/p>\n<p>[\/et_pb_blurb][et_pb_blurb use_icon=&#8221;on&#8221; font_icon=&#8221;&#xf07a;||fa||900&#8243; icon_placement=&#8221;left&#8221; image_icon_width=&#8221;25px&#8221; icon_placement_tablet=&#8221;top&#8221; icon_placement_phone=&#8221;&#8221; icon_placement_last_edited=&#8221;on|tablet&#8221; image_icon_width_tablet=&#8221;&#8221; image_icon_width_phone=&#8221;&#8221; image_icon_width_last_edited=&#8221;on|tablet&#8221; admin_label=&#8221;Icon &#038; Title &#038; Description&#8221; _builder_version=&#8221;4.27.4&#8243; _module_preset=&#8221;default&#8221; header_font=&#8221;|700||on|||||&#8221; header_text_color=&#8221;gcid-9d908bbe-fc74-4253-9ee5-c115b14680ef&#8221; body_font=&#8221;||||||||&#8221; custom_margin=&#8221;40px||||false|false&#8221; custom_padding=&#8221;||25px||false|false&#8221; text_orientation_tablet=&#8221;center&#8221; text_orientation_phone=&#8221;&#8221; text_orientation_last_edited=&#8221;on|tablet&#8221; custom_css_blurb_image=&#8221;width: 40px;&#8221; border_color_bottom=&#8221;#dddddd&#8221; icon_font_size=&#8221;25px&#8221; custom_css_blurb_image_last_edited=&#8221;on|tablet&#8221; custom_css_blurb_image_tablet=&#8221;margin: 0 auto 20px;||width:40px;&#8221; icon_color__hover_enabled=&#8221;on|desktop&#8221; custom_css_blurb_image_phone=&#8221;margin: 0 auto 20px;||width:40px;&#8221; global_colors_info=&#8221;{%22gcid-9d908bbe-fc74-4253-9ee5-c115b14680ef%22:%91%22header_text_color%22,%22icon_color%22,%22header_text_color%22,%22icon_color%22,%22header_text_color%22,%22icon_color%22,%22header_text_color%22,%22icon_color%22%93,%22gcid-26935dd2-c7fc-493a-a5af-c156a40f96d7%22:%91%22header_text_color__hover%22,%22header_text_color__hover%22,%22header_text_color__hover%22,%22header_text_color__hover%22%93}&#8221; hover_enabled=&#8221;0&#8243; sticky_enabled=&#8221;0&#8243;]<\/p>\n<p><strong data-start=\"580\" data-end=\"589\">Opk\u00f8b<\/strong><br data-start=\"589\" data-end=\"592\" \/>Vi hj\u00e6lper virksomheder med at identificere og gennemf\u00f8re relevante opk\u00f8b, der kan styrke deres forretning og markedssituation.<\/p>\n<p>[\/et_pb_blurb][\/et_pb_column][et_pb_column type=&#8221;1_3&#8243; _builder_version=&#8221;4.27.4&#8243; _module_preset=&#8221;default&#8221; custom_padding_tablet=&#8221;||30px||false|false&#8221; custom_padding_phone=&#8221;||0%||false|false&#8221; custom_padding_last_edited=&#8221;on|tablet&#8221; global_colors_info=&#8221;{}&#8221;][et_pb_blurb use_icon=&#8221;on&#8221; font_icon=&#8221;&#xf2b5;||fa||900&#8243; icon_placement=&#8221;left&#8221; image_icon_width=&#8221;25px&#8221; icon_placement_tablet=&#8221;top&#8221; icon_placement_phone=&#8221;&#8221; icon_placement_last_edited=&#8221;on|tablet&#8221; image_icon_width_tablet=&#8221;&#8221; image_icon_width_phone=&#8221;&#8221; image_icon_width_last_edited=&#8221;on|tablet&#8221; admin_label=&#8221;Icon &#038; Title &#038; Description&#8221; _builder_version=&#8221;4.27.4&#8243; _module_preset=&#8221;default&#8221; header_font=&#8221;|700||on|||||&#8221; header_text_color=&#8221;gcid-9d908bbe-fc74-4253-9ee5-c115b14680ef&#8221; body_font=&#8221;||||||||&#8221; custom_margin=&#8221;40px||||false|false&#8221; custom_padding=&#8221;||25px||false|false&#8221; text_orientation_tablet=&#8221;center&#8221; text_orientation_phone=&#8221;&#8221; text_orientation_last_edited=&#8221;on|tablet&#8221; custom_css_blurb_image=&#8221;width: 40px;&#8221; border_color_bottom=&#8221;#dddddd&#8221; icon_font_size=&#8221;25px&#8221; custom_css_blurb_image_last_edited=&#8221;on|tablet&#8221; custom_css_blurb_image_tablet=&#8221;margin: 0 auto 20px;||width:40px;&#8221; icon_color__hover_enabled=&#8221;on|desktop&#8221; custom_css_blurb_image_phone=&#8221;margin: 0 auto 20px;||width:40px;&#8221; global_colors_info=&#8221;{%22gcid-9d908bbe-fc74-4253-9ee5-c115b14680ef%22:%91%22header_text_color%22,%22icon_color%22,%22header_text_color%22,%22icon_color%22,%22header_text_color%22,%22icon_color%22,%22header_text_color%22,%22icon_color%22%93,%22gcid-26935dd2-c7fc-493a-a5af-c156a40f96d7%22:%91%22header_text_color__hover%22,%22header_text_color__hover%22,%22header_text_color__hover%22,%22header_text_color__hover%22%93}&#8221; hover_enabled=&#8221;0&#8243; sticky_enabled=&#8221;0&#8243;]<\/p>\n<p><strong data-start=\"269\" data-end=\"293\">Styrkelse af netv\u00e6rk<\/strong><br data-start=\"293\" data-end=\"296\" \/>Vi igangs\u00e6tter og st\u00f8tter konkrete udviklingsprojekter, der styrker relationerne og skaber v\u00e6rdi i netv\u00e6rket.<\/p>\n<p>[\/et_pb_blurb][et_pb_blurb use_icon=&#8221;on&#8221; font_icon=&#8221;&#xf0c1;||fa||900&#8243; icon_placement=&#8221;left&#8221; image_icon_width=&#8221;25px&#8221; icon_placement_tablet=&#8221;top&#8221; icon_placement_phone=&#8221;&#8221; icon_placement_last_edited=&#8221;on|tablet&#8221; image_icon_width_tablet=&#8221;&#8221; image_icon_width_phone=&#8221;&#8221; image_icon_width_last_edited=&#8221;on|tablet&#8221; admin_label=&#8221;Icon &#038; Title &#038; Description&#8221; _builder_version=&#8221;4.27.4&#8243; _module_preset=&#8221;default&#8221; header_font=&#8221;|700||on|||||&#8221; header_text_color=&#8221;gcid-9d908bbe-fc74-4253-9ee5-c115b14680ef&#8221; body_font=&#8221;||||||||&#8221; custom_margin=&#8221;40px||||false|false&#8221; custom_padding=&#8221;||25px||false|false&#8221; text_orientation_tablet=&#8221;center&#8221; text_orientation_phone=&#8221;&#8221; text_orientation_last_edited=&#8221;on|tablet&#8221; custom_css_blurb_image=&#8221;width: 40px;&#8221; border_color_bottom=&#8221;#dddddd&#8221; icon_font_size=&#8221;25px&#8221; custom_css_blurb_image_last_edited=&#8221;on|tablet&#8221; custom_css_blurb_image_tablet=&#8221;margin: 0 auto 20px;||width:40px;&#8221; icon_color__hover_enabled=&#8221;on|desktop&#8221; custom_css_blurb_image_phone=&#8221;margin: 0 auto 20px;||width:40px;&#8221; global_colors_info=&#8221;{%22gcid-9d908bbe-fc74-4253-9ee5-c115b14680ef%22:%91%22header_text_color%22,%22icon_color%22,%22header_text_color%22,%22icon_color%22,%22header_text_color%22,%22icon_color%22,%22header_text_color%22,%22icon_color%22%93,%22gcid-26935dd2-c7fc-493a-a5af-c156a40f96d7%22:%91%22header_text_color__hover%22,%22header_text_color__hover%22,%22header_text_color__hover%22,%22header_text_color__hover%22%93}&#8221; hover_enabled=&#8221;0&#8243; sticky_enabled=&#8221;0&#8243;]<\/p>\n<p><strong data-start=\"721\" data-end=\"745\">Samspil og synlighed<\/strong><br data-start=\"745\" data-end=\"748\" \/>Vi styrker samspillet i netv\u00e6rket og \u00f8ger synligheden gennem m\u00e5lrettet promovering og videndeling.<\/p>\n<p>[\/et_pb_blurb][\/et_pb_column][et_pb_column type=&#8221;1_3&#8243; _builder_version=&#8221;4.27.4&#8243; _module_preset=&#8221;default&#8221; custom_padding_tablet=&#8221;||30px||false|false&#8221; custom_padding_phone=&#8221;&#8221; custom_padding_last_edited=&#8221;on|tablet&#8221; global_colors_info=&#8221;{}&#8221;][et_pb_blurb use_icon=&#8221;on&#8221; font_icon=&#8221;&#xf086;||fa||900&#8243; icon_placement=&#8221;left&#8221; image_icon_width=&#8221;25px&#8221; icon_placement_tablet=&#8221;top&#8221; icon_placement_phone=&#8221;&#8221; icon_placement_last_edited=&#8221;on|tablet&#8221; image_icon_width_tablet=&#8221;&#8221; image_icon_width_phone=&#8221;&#8221; image_icon_width_last_edited=&#8221;on|tablet&#8221; admin_label=&#8221;Icon &#038; Title &#038; Description&#8221; _builder_version=&#8221;4.27.4&#8243; _module_preset=&#8221;default&#8221; header_font=&#8221;|700||on|||||&#8221; header_text_color=&#8221;gcid-9d908bbe-fc74-4253-9ee5-c115b14680ef&#8221; body_font=&#8221;||||||||&#8221; custom_margin=&#8221;40px||||false|false&#8221; custom_padding=&#8221;||25px||false|false&#8221; text_orientation_tablet=&#8221;center&#8221; text_orientation_phone=&#8221;&#8221; text_orientation_last_edited=&#8221;on|tablet&#8221; custom_css_blurb_image=&#8221;width: 40px;&#8221; border_color_bottom=&#8221;#dddddd&#8221; icon_font_size=&#8221;25px&#8221; custom_css_blurb_image_last_edited=&#8221;on|tablet&#8221; custom_css_blurb_image_tablet=&#8221;margin: 0 auto 20px;||width:40px;&#8221; icon_color__hover_enabled=&#8221;on|desktop&#8221; custom_css_blurb_image_phone=&#8221;margin: 0 auto 20px;||width:40px;&#8221; global_colors_info=&#8221;{%22gcid-9d908bbe-fc74-4253-9ee5-c115b14680ef%22:%91%22header_text_color%22,%22icon_color%22,%22header_text_color%22,%22icon_color%22,%22header_text_color%22,%22icon_color%22,%22header_text_color%22,%22icon_color%22,%22header_text_color%22,%22icon_color%22,%22header_text_color%22,%22icon_color%22%93,%22gcid-26935dd2-c7fc-493a-a5af-c156a40f96d7%22:%91%22header_text_color__hover%22,%22header_text_color__hover%22,%22header_text_color__hover%22,%22header_text_color__hover%22,%22header_text_color__hover%22,%22header_text_color__hover%22%93}&#8221; hover_enabled=&#8221;0&#8243; sticky_enabled=&#8221;0&#8243;]<\/p>\n<p><strong data-start=\"407\" data-end=\"431\">Ops\u00f8ge og dele viden<\/strong><br data-start=\"431\" data-end=\"434\" \/>Vi ops\u00f8ger ny viden og deler aktivt indsigt \u2013 bl.a. gennem l\u00f8bende dialog med virksomheder og virksomhedsejere om muligheder for opk\u00f8b og v\u00e6kst.<\/p>\n<p>[\/et_pb_blurb][\/et_pb_column][\/et_pb_row][et_pb_row admin_label=&#8221;Intro\/About Us Style 27 Custom CSS&#8221; _builder_version=&#8221;4.16&#8243; _module_preset=&#8221;default&#8221; custom_padding=&#8221;0px||0px||true|false&#8221; global_colors_info=&#8221;{}&#8221;][et_pb_column type=&#8221;4_4&#8243; _builder_version=&#8221;4.16&#8243; _module_preset=&#8221;default&#8221; global_colors_info=&#8221;{}&#8221;][et_pb_code admin_label=&#8221;CSS CODE&#8221; _builder_version=&#8221;4.27.4&#8243; _module_preset=&#8221;default&#8221; global_colors_info=&#8221;{}&#8221;]<\/p>\n<style><!-- [et_pb_line_break_holder] -->.dp_intro_style27_text h6:before{top: 50%;<!-- [et_pb_line_break_holder] -->left: 100%;<!-- [et_pb_line_break_holder] -->width: 65px;<!-- [et_pb_line_break_holder] -->height: 1px;<!-- [et_pb_line_break_holder] -->content: '';<!-- [et_pb_line_break_holder] -->background: #999;<!-- [et_pb_line_break_holder] -->position: absolute;}<!-- [et_pb_line_break_holder] -->.dp_intro_style27_text h6{margin: 0 0 10px;<!-- [et_pb_line_break_holder] -->padding: 0 15px 0 0;<!-- [et_pb_line_break_holder] -->display: inline-block;<!-- [et_pb_line_break_holder] -->position: relative;}<!-- [et_pb_line_break_holder] -->.dp_intro_style27 .et_pb_main_blurb_image .et-pb-icon{   width: 40px;<!-- [et_pb_line_break_holder] -->height: 40px;<!-- [et_pb_line_break_holder] -->display:block;<!-- [et_pb_line_break_holder] -->background: #fff;<!-- [et_pb_line_break_holder] -->border-radius: 50%;<!-- [et_pb_line_break_holder] -->line-height: 38px;<!-- [et_pb_line_break_holder] -->text-align: center;<!-- [et_pb_line_break_holder] -->border: 1px solid #ddd;<!-- [et_pb_line_break_holder] -->-webkit-transition: all 300ms ease-in-out;<!-- [et_pb_line_break_holder] -->-moz-transition: all 300ms ease-in-out;<!-- [et_pb_line_break_holder] -->-ms-transition: all 300ms ease-in-out;<!-- [et_pb_line_break_holder] -->-o-transition: all 300ms ease-in-out;<!-- [et_pb_line_break_holder] -->transition: all 300ms ease-in-out;}<!-- [et_pb_line_break_holder] -->.dp_intro_style27 .et_pb_blurb:hover .et_pb_main_blurb_image .et-pb-icon{background: #04843c;color:#fff;}<!-- [et_pb_line_break_holder] --><\/style>\n<p>[\/et_pb_code][\/et_pb_column][\/et_pb_row][\/et_pb_section]<\/p>\n","protected":false},"excerpt":{"rendered":"<p>Vores v\u00e6rdier er simple og kan tydeligt genkendes i alle vores aktiviteter. MestringVi str\u00e6ber efter at v\u00e6re de bedste inden for vores forretningsomr\u00e5der. Vi forholder os nysgerrigt, nyt\u00e6nkende og \u00e5bensindet til de sm\u00e5 og store udfordringer vi m\u00f8der. Udvikling og v\u00e6kstVi bliver motiveret og inspireret af at se mennesker og resultater vokse med vores ambitioner. [&hellip;]<\/p>\n","protected":false},"author":103,"featured_media":275490,"parent":338993,"menu_order":0,"comment_status":"closed","ping_status":"closed","template":"","meta":{"_acf_changed":false,"_et_pb_use_builder":"on","_et_pb_old_content":"","_et_gb_content_width":"","footnotes":""},"folder":[131],"class_list":["post-100586","page","type-page","status-publish","has-post-thumbnail","hentry"],"acf":[],"_links":{"self":[{"href":"https:\/\/ta-logistics.dk\/en\/wp-json\/wp\/v2\/pages\/100586","targetHints":{"allow":["GET"]}}],"collection":[{"href":"https:\/\/ta-logistics.dk\/en\/wp-json\/wp\/v2\/pages"}],"about":[{"href":"https:\/\/ta-logistics.dk\/en\/wp-json\/wp\/v2\/types\/page"}],"author":[{"embeddable":true,"href":"https:\/\/ta-logistics.dk\/en\/wp-json\/wp\/v2\/users\/103"}],"replies":[{"embeddable":true,"href":"https:\/\/ta-logistics.dk\/en\/wp-json\/wp\/v2\/comments?post=100586"}],"version-history":[{"count":2,"href":"https:\/\/ta-logistics.dk\/en\/wp-json\/wp\/v2\/pages\/100586\/revisions"}],"predecessor-version":[{"id":339613,"href":"https:\/\/ta-logistics.dk\/en\/wp-json\/wp\/v2\/pages\/100586\/revisions\/339613"}],"up":[{"embeddable":true,"href":"https:\/\/ta-logistics.dk\/en\/wp-json\/wp\/v2\/pages\/338993"}],"wp:featuredmedia":[{"embeddable":true,"href":"https:\/\/ta-logistics.dk\/en\/wp-json\/wp\/v2\/media\/275490"}],"wp:attachment":[{"href":"https:\/\/ta-logistics.dk\/en\/wp-json\/wp\/v2\/media?parent=100586"}],"wp:term":[{"taxonomy":"folder","embeddable":true,"href":"https:\/\/ta-logistics.dk\/en\/wp-json\/wp\/v2\/folder?post=100586"}],"curies":[{"name":"wp","href":"https:\/\/api.w.org\/{rel}","templated":true}]}}