{"id":97427,"date":"2022-12-22T05:15:25","date_gmt":"2022-12-22T05:15:25","guid":{"rendered":"https:\/\/transportation.divitoolkits.com\/?page_id=3"},"modified":"2025-05-30T00:16:23","modified_gmt":"2025-05-29T22:16:23","slug":"privatlivspolitik","status":"publish","type":"page","link":"https:\/\/ta-logistics.dk\/en\/privatlivspolitik\/","title":{"rendered":"Privacy policy"},"content":{"rendered":"<div style=\"height:50px\" aria-hidden=\"true\" class=\"wp-block-spacer\"><\/div>\n\n\n\n<h2 class=\"wp-block-heading has-medium-font-size\">1. introduction<\/h2>\n\n\n\n<p>At TA-Logistics we take your privacy seriously. In this privacy policy you can read how we process personal data when you visit our website.<br>We only process data to the extent necessary and in accordance with <strong>EU General Data Protection Regulation (GDPR)<\/strong> and the <strong>Danish Data Protection Act<\/strong>.<\/p>\n\n\n\n<div style=\"height:50px\" aria-hidden=\"true\" class=\"wp-block-spacer\"><\/div>\n\n\n\n<h2 class=\"wp-block-heading has-medium-font-size\">2. Data controller<\/h2>\n\n\n\n<p><strong>TA-Logistics A\/S<\/strong><br>Vittenvej 90, Vitten<br>DK-8382 Hinnerup, Denmark<br>CVR no.: 60523614<br>E-mail: <a>thand@ta-logistics.dk<\/a><br>Phone: +45 40 64 05 79<\/p>\n\n\n\n<div style=\"height:50px\" aria-hidden=\"true\" class=\"wp-block-spacer\"><\/div>\n\n\n\n<h2 class=\"wp-block-heading has-medium-font-size\">3. What information do we collect?<\/h2>\n\n\n\n<p>When you visit our website, certain technical information is automatically collected through cookies and similar technologies:<\/p>\n\n\n\n<ul class=\"wp-block-list\">\n<li>IP address<\/li>\n\n\n\n<li>Browser and device type<\/li>\n\n\n\n<li>Operating system<\/li>\n\n\n\n<li>Which pages you visit and when<\/li>\n\n\n\n<li>Technical data related to website features<\/li>\n<\/ul>\n\n\n\n<p>Vi <strong>does not collect direct personal data<\/strong> such as name, email or company via contact forms or similar.<\/p>\n\n\n\n<div style=\"height:50px\" aria-hidden=\"true\" class=\"wp-block-spacer\"><\/div>\n\n\n\n<h2 class=\"wp-block-heading has-medium-font-size\">4. Purpose and legal basis<\/h2>\n\n\n\n<figure class=\"wp-block-table\"><table class=\"has-fixed-layout\"><thead><tr><th><strong>Purpose<\/strong><\/th><th><strong>Legal basis<\/strong><\/th><\/tr><\/thead><tbody><tr><td>Technical operation and functionality<\/td><td>GDPR Art. 6(1)(f) (legitimate interest)<\/td><\/tr><tr><td>Handling cookies and consent<\/td><td>GDPR Art. 6(1)(a) and (c) (consent and legal obligation)<\/td><\/tr><\/tbody><\/table><\/figure>\n\n\n\n<div style=\"height:50px\" aria-hidden=\"true\" class=\"wp-block-spacer\"><\/div>\n\n\n\n<h2 class=\"wp-block-heading has-medium-font-size\">5. cookies and third-party services<\/h2>\n\n\n\n<p>We use cookies for technical operation, user experience and possibly previously implemented third-party services.<br>You can read more and manage your consents in our cookie policy:<br><a class=\"\" href=\"https:\/\/ta-logistics.dk\/en\/cookiepolitik\/\">https:\/\/ta-logistics.dk\/cookiepolitik\/<\/a><\/p>\n\n\n\n<div style=\"height:50px\" aria-hidden=\"true\" class=\"wp-block-spacer\"><\/div>\n\n\n\n<h2 class=\"wp-block-heading has-medium-font-size\">6. Storage of data<\/h2>\n\n\n\n<p>The data we collect via cookies is stored for up to 180 days or as stated in the cookie policy.<br>We do not store personal data as the website does not have forms or other active data collection.<\/p>\n\n\n\n<div style=\"height:50px\" aria-hidden=\"true\" class=\"wp-block-spacer\"><\/div>\n\n\n\n<h2 class=\"wp-block-heading has-medium-font-size\">7. Disclosure and transfer of data<\/h2>\n\n\n\n<p>We do not share data with third parties unless it is necessary for technical operations, for example when using the cookie consent solution Complianz.<br>Our website is hosted in Denmark and we do not use external cloud services for active data collection.<\/p>\n\n\n\n<div style=\"height:50px\" aria-hidden=\"true\" class=\"wp-block-spacer\"><\/div>\n\n\n\n<h2 class=\"wp-block-heading has-medium-font-size\">8. Your rights<\/h2>\n\n\n\n<p>You have the following rights under GDPR:<\/p>\n\n\n\n<ul class=\"wp-block-list\">\n<li>Right to <strong>insight<\/strong> what information we process about you<\/li>\n\n\n\n<li>Right to <strong>rectification<\/strong> or <strong>deletion<\/strong> of information<\/li>\n\n\n\n<li>Right to <strong>withdraw consent<\/strong><\/li>\n\n\n\n<li>Right to <strong>make an objection<\/strong> counter treatment<\/li>\n\n\n\n<li>Right to <strong>Complaint<\/strong> to the Danish Data Protection Agency: <a class=\"\" href=\"https:\/\/www.datatilsynet.dk\" target=\"_blank\" rel=\"noopener\">www.datatilsynet.dk<\/a><\/li>\n<\/ul>\n\n\n\n<p>Contact us at <a>thand@ta-logistics.dk<\/a>if you want to exercise your rights.<\/p>\n\n\n\n<div style=\"height:50px\" aria-hidden=\"true\" class=\"wp-block-spacer\"><\/div>\n\n\n\n<h2 class=\"wp-block-heading has-medium-font-size\">9. Changes to the privacy policy<\/h2>\n\n\n\n<p>This privacy policy is continuously updated to reflect changes in technology or legislation.<br>Latest update: <strong>29 May 2025<\/strong><br>The current version is always available at <a class=\"\" href=\"https:\/\/ta-logistics.dk\/en\/\">ta-logistics.dk<\/a><\/p>\n\n\n\n<div style=\"height:100px\" aria-hidden=\"true\" class=\"wp-block-spacer\"><\/div>","protected":false},"excerpt":{"rendered":"<p>1. Introduktion Hos TA-Logistics tager vi dit privatliv alvorligt. I denne privatlivspolitik kan du l\u00e6se, hvordan vi behandler personoplysninger, n\u00e5r du bes\u00f8ger vores hjemmeside.Vi behandler udelukkende oplysninger i det omfang, det er n\u00f8dvendigt, og i overensstemmelse med EU&#8217;s databeskyttelsesforordning (GDPR) og den danske databeskyttelseslov. 2. Dataansvarlig TA-Logistics A\/SVittenvej 90, VittenDK-8382 HinnerupCVR-nr.: 60523614E-mail: thand@ta-logistics.dkTelefon: +45 40 [&hellip;]<\/p>\n","protected":false},"author":1,"featured_media":0,"parent":0,"menu_order":0,"comment_status":"closed","ping_status":"closed","template":"","meta":{"_acf_changed":false,"_et_pb_use_builder":"","_et_pb_old_content":"","_et_gb_content_width":"1080","footnotes":""},"folder":[],"class_list":["post-97427","page","type-page","status-publish","hentry"],"acf":[],"_links":{"self":[{"href":"https:\/\/ta-logistics.dk\/en\/wp-json\/wp\/v2\/pages\/97427","targetHints":{"allow":["GET"]}}],"collection":[{"href":"https:\/\/ta-logistics.dk\/en\/wp-json\/wp\/v2\/pages"}],"about":[{"href":"https:\/\/ta-logistics.dk\/en\/wp-json\/wp\/v2\/types\/page"}],"author":[{"embeddable":true,"href":"https:\/\/ta-logistics.dk\/en\/wp-json\/wp\/v2\/users\/1"}],"replies":[{"embeddable":true,"href":"https:\/\/ta-logistics.dk\/en\/wp-json\/wp\/v2\/comments?post=97427"}],"version-history":[{"count":0,"href":"https:\/\/ta-logistics.dk\/en\/wp-json\/wp\/v2\/pages\/97427\/revisions"}],"wp:attachment":[{"href":"https:\/\/ta-logistics.dk\/en\/wp-json\/wp\/v2\/media?parent=97427"}],"wp:term":[{"taxonomy":"folder","embeddable":true,"href":"https:\/\/ta-logistics.dk\/en\/wp-json\/wp\/v2\/folder?post=97427"}],"curies":[{"name":"wp","href":"https:\/\/api.w.org\/{rel}","templated":true}]}}